{"id":2074,"date":"2018-07-20T17:28:37","date_gmt":"2018-07-20T20:28:37","guid":{"rendered":"http:\/\/ecen.com.br\/?page_id=2074"},"modified":"2019-09-11T16:37:02","modified_gmt":"2019-09-11T19:37:02","slug":"ee-99","status":"publish","type":"page","link":"http:\/\/eee.org.br\/?page_id=2074","title":{"rendered":"E&#038;E 99"},"content":{"rendered":"\t\t<div data-elementor-type=\"wp-post\" data-elementor-id=\"2074\" class=\"elementor elementor-2074\">\n\t\t\t\t\t\t<div class=\"elementor-inner\">\n\t\t\t\t<div class=\"elementor-section-wrap\">\n\t\t\t\t\t\t\t\t\t<section class=\"elementor-section elementor-top-section elementor-element elementor-element-c649f69 elementor-section-boxed elementor-section-height-default elementor-section-height-default\" data-id=\"c649f69\" data-element_type=\"section\">\n\t\t\t\t\t\t<div class=\"elementor-container elementor-column-gap-default\">\n\t\t\t\t\t\t\t<div class=\"elementor-row\">\n\t\t\t\t\t<div class=\"elementor-column elementor-col-100 elementor-top-column elementor-element elementor-element-96a3faa\" data-id=\"96a3faa\" data-element_type=\"column\">\n\t\t\t<div class=\"elementor-column-wrap elementor-element-populated\">\n\t\t\t\t\t\t\t<div class=\"elementor-widget-wrap\">\n\t\t\t\t\t\t<div class=\"elementor-element elementor-element-139c979 elementor-widget elementor-widget-text-editor\" data-id=\"139c979\" data-element_type=\"widget\" data-widget_type=\"text-editor.default\">\n\t\t\t\t<div class=\"elementor-widget-container\">\n\t\t\t\t\t\t\t\t<div class=\"elementor-text-editor elementor-clearfix\">\n\t\t\t\t<p><b><span style=\"font-size: 9.0pt; font-family: 'Verdana',sans-serif; mso-bidi-font-family: Verdana; color: #3366ff; mso-ansi-language: PT-BR;\"><span style=\"color: #808080;\"><strong><strong style=\"font-size: 1rem;\"><em><span style=\"color: #000000;\"><img loading=\"lazy\" class=\"size-full wp-image-4 alignnone\" src=\"http:\/\/eee.org.br\/wp-content\/uploads\/2017\/02\/eee.jpg\" alt=\"\" width=\"116\" height=\"27\" data-wp-pid=\"4\" \/><\/span><br \/><\/em><span style=\"color: #000000;\">Economia e Energia &#8211; E&amp;E\u00a0 \u00a0 N\u00ba 99,\u00a0 abril a junho 2018<br \/><\/span><\/strong><\/strong><\/span><\/span><\/b><span style=\"font-size: 9.0pt; font-family: 'Verdana',sans-serif; mso-bidi-font-family: Verdana; color: #3366ff; mso-ansi-language: PT-BR;\"><span style=\"color: #808080;\"><span style=\"color: #000000;\">ISSN 1518-2932<\/span><\/span><\/span><b><span style=\"font-size: 9.0pt; font-family: 'Verdana',sans-serif; mso-bidi-font-family: Verdana; color: #3366ff; mso-ansi-language: PT-BR;\"><span style=\"color: #808080;\"><strong><strong style=\"font-size: 1rem;\"><span style=\"color: #000000;\"><br \/><\/span><\/strong><\/strong><\/span><\/span><\/b><\/p><p class=\"MsoNormal\" style=\"text-align: justify; margin: 6.0pt -11.4pt .0001pt -7.1pt;\"><b style=\"text-align: justify; font-size: 1rem;\"><span style=\"font-size: 9.0pt; font-family: 'Verdana',sans-serif; mso-bidi-font-family: Verdana; color: #3366ff; mso-ansi-language: PT-BR;\">Palavra do Editor<\/span><\/b><\/p><h1><a name=\"_Toc518750985\"><\/a><strong>CUIDADOSOS PASSOS RUMO \u00c0 CASA DA PAZ<\/strong><\/h1>\t\t\t\t\t<\/div>\n\t\t\t\t\t\t<\/div>\n\t\t\t\t<\/div>\n\t\t\t\t<div class=\"elementor-element elementor-element-7a5355d elementor-widget elementor-widget-image\" data-id=\"7a5355d\" data-element_type=\"widget\" data-widget_type=\"image.default\">\n\t\t\t\t<div class=\"elementor-widget-container\">\n\t\t\t\t\t\t\t\t<div class=\"elementor-image\">\n\t\t\t\t\t\t\t\t\t\t\t\t<img width=\"525\" height=\"364\" src=\"http:\/\/eee.org.br\/wp-content\/uploads\/2018\/06\/passos-cuidadosos_para_a_paz.jpg\" class=\"attachment-large size-large\" alt=\"\" loading=\"lazy\" srcset=\"http:\/\/eee.org.br\/wp-content\/uploads\/2018\/06\/passos-cuidadosos_para_a_paz.jpg 571w, http:\/\/eee.org.br\/wp-content\/uploads\/2018\/06\/passos-cuidadosos_para_a_paz-300x208.jpg 300w\" sizes=\"100vw\" \/>\t\t\t\t\t\t\t\t\t\t\t\t\t\t<\/div>\n\t\t\t\t\t\t<\/div>\n\t\t\t\t<\/div>\n\t\t\t\t<div class=\"elementor-element elementor-element-0bb9951 elementor-widget elementor-widget-text-editor\" data-id=\"0bb9951\" data-element_type=\"widget\" data-widget_type=\"text-editor.default\">\n\t\t\t\t<div class=\"elementor-widget-container\">\n\t\t\t\t\t\t\t\t<div class=\"elementor-text-editor elementor-clearfix\">\n\t\t\t\t<p class=\"MsoNormal\" style=\"margin-top: 6.0pt; text-align: justify; text-indent: 36.0pt;\"><span style=\"font-family: 'Arial',sans-serif; mso-fareast-font-family: Calibri; mso-bidi-font-family: 'Times New Roman'; mso-ansi-language: PT-BR; mso-fareast-language: EN-US;\">A reuni\u00e3o dos l\u00edderes das duas Coreias, em 27\/04\/2018, abriu a perspectiva para que a Guerra da Coreia seja encerrada e as Coreias unificadas. Isto ocorre, ap\u00f3s 65 anos de armist\u00edcio de uma guerra ainda n\u00e3o oficialmente encerrada. Quanto \u00e0 unifica\u00e7\u00e3o, ela \u00e9 identificada pelos l\u00edderes da Coreia do Norte e do Sul como \u201caspira\u00e7\u00e3o maior do povo coreano\u201d e objetivo final da Declara\u00e7\u00e3o de Panmunjom. <\/span><\/p><p class=\"MsoNormal\" style=\"margin-top: 6.0pt; text-align: justify; text-indent: 36.0pt;\"><span style=\"font-family: 'Arial',sans-serif; mso-fareast-font-family: Calibri; mso-bidi-font-family: 'Times New Roman'; mso-ansi-language: PT-BR; mso-fareast-language: EN-US;\">Para Moon Jae-in a unifica\u00e7\u00e3o faz parte de sua plataforma eleitoral que conquistou o apoio da popula\u00e7\u00e3o e o levou \u00e0 Presid\u00eancia da Coreia do Sul; para o l\u00edder norte-coreano Kim Jong-un \u00e9 talvez o caminho da sobreviv\u00eancia, rompendo seu isolamento. <\/span><\/p><p class=\"MsoNormal\" style=\"margin-top: 6.0pt; text-align: justify; text-indent: 36.0pt;\"><span style=\"font-family: 'Arial',sans-serif; mso-fareast-font-family: Calibri; mso-bidi-font-family: 'Times New Roman'; mso-ansi-language: PT-BR; mso-fareast-language: EN-US;\">O texto da Declara\u00e7\u00e3o de Panmunjom que objetiva a <b>unifica\u00e7\u00e3o<\/b> das Coreias foi quase ignorado na imprensa ocidental que se ateve, quase exclusivamente, a um subitem do que se refere a <b>desnucleariza\u00e7\u00e3o<\/b> no t\u00f3pico 3 que se refere \u00e0 paz. Ela inclui toda a Pen\u00ednsula e n\u00e3o \u00e9 uma ren\u00fancia unilateral da Coreia do Norte \u00e0s armas nucleares; significa tamb\u00e9m livr\u00e1-la da amea\u00e7a das bombas nucleares americanas, incluindo as impl\u00edcitas nas manobras Coreia do Sul\/EUA.<\/span><\/p><p class=\"MsoNormal\" style=\"margin-top: 6.0pt; text-align: justify; text-indent: 36.0pt;\"><span style=\"font-family: 'Arial',sans-serif; mso-fareast-font-family: Calibri; mso-bidi-font-family: 'Times New Roman'; mso-ansi-language: PT-BR; mso-fareast-language: EN-US;\">A Declara\u00e7\u00e3o reafirma boas inten\u00e7\u00f5es em alcan\u00e7ar a paz na Pen\u00ednsula Coreana e sua reunifica\u00e7\u00e3o (termo n\u00e3o usado pelos coreanos). Nisso n\u00e3o diverge de manifesta\u00e7\u00f5es anteriores. O que a diferencia de outras declara\u00e7\u00f5es gen\u00e9ricas \u00e9 que foi feita pelas mais altas autoridades e as circunst\u00e2ncias decorrentes da posse de armamentos nucleares pela Coreia do Norte que tornou o assunto mais urgente para a comunidade internacional, <\/span><\/p><p class=\"MsoNormal\" style=\"margin-top: 6.0pt; text-align: justify; text-indent: 36.0pt;\"><span style=\"font-family: 'Arial',sans-serif; mso-fareast-font-family: Calibri; mso-bidi-font-family: 'Times New Roman'; mso-ansi-language: PT-BR; mso-fareast-language: EN-US;\">Na vers\u00e3o integral da Declara\u00e7\u00e3o, que pode ser vista no Anexo 1 do artigo sobre a desnucleariza\u00e7\u00e3o das Coreias, chama a aten\u00e7\u00e3o o pragm\u00e1tico plano aprovado em dire\u00e7\u00e3o \u00e0 reunifica\u00e7\u00e3o. O texto resulta de um longo processo de negocia\u00e7\u00e3o anterior que reflete um surpreendente entendimento sobre os passos a seguir. Ela contrasta com o car\u00e1ter vago da declara\u00e7\u00e3o Trump x Kim Jong-um, onde apenas s\u00e3o delineados alguns princ\u00edpios gerais a serem considerados nas a\u00e7\u00f5es futuras.<\/span><\/p><p class=\"MsoNormal\" style=\"margin-top: 6.0pt; text-align: justify; text-indent: 36.0pt;\"><span style=\"font-family: 'Arial',sans-serif; mso-fareast-font-family: Calibri; mso-bidi-font-family: 'Times New Roman'; mso-ansi-language: PT-BR; mso-fareast-language: EN-US;\">A Declara\u00e7\u00e3o dos dois l\u00edderes coreanos parte do princ\u00edpio que a situa\u00e7\u00e3o presente \u00e9 uma \u201c<b>velha heran\u00e7a da Guerra Fria<\/b>\u201d. As Coreias \u201cabordam corajosamente uma nova era de reconcilia\u00e7\u00e3o nacional, paz e prosperidade e de cultivo de rela\u00e7\u00f5es intercoreanas\u201d. S\u00e3o detalhadas medidas em 3 t\u00f3picos principais: <\/span><\/p><p class=\"MsoNormal\" style=\"text-align: justify; margin: 6.0pt 0cm .0001pt 18.0pt;\"><span style=\"font-family: 'Arial',sans-serif; mso-fareast-font-family: Calibri; mso-bidi-font-family: 'Times New Roman'; mso-ansi-language: PT-BR; mso-fareast-language: EN-US;\">1.<b>\u00a0\u00a0 Unifica\u00e7\u00e3o liderada pelos coreanos<\/b> facilitando um avan\u00e7o abrangente e inovador nas rela\u00e7\u00f5es entre as Coreias,<\/span><\/p><p class=\"MsoNormal\" style=\"text-align: justify; margin: 6.0pt 0cm .0001pt 18.0pt;\"><span style=\"font-family: 'Arial',sans-serif; mso-fareast-font-family: Calibri; mso-bidi-font-family: 'Times New Roman'; mso-ansi-language: PT-BR; mso-fareast-language: EN-US;\">2.\u00a0\u00a0 Esfor\u00e7os conjuntos para <b>aliviar a tens\u00e3o militar e eliminar o perigo de guerra <\/b>na Pen\u00ednsula,<\/span><\/p><p class=\"MsoNormal\" style=\"text-align: justify; margin: 6.0pt 0cm .0001pt 18.0pt;\"><b><span style=\"font-family: 'Arial',sans-serif; mso-fareast-font-family: Calibri; mso-bidi-font-family: 'Times New Roman'; mso-ansi-language: PT-BR; mso-fareast-language: EN-US;\">3.\u00a0\u00a0 Estabelecimento <\/span><\/b><span style=\"font-family: 'Arial',sans-serif; mso-fareast-font-family: Calibri; mso-bidi-font-family: 'Times New Roman'; mso-ansi-language: PT-BR; mso-fareast-language: EN-US;\">de<b> um regime de paz na Pen\u00ednsula<\/b>, identificada como miss\u00e3o hist\u00f3rica que n\u00e3o deve mais ser adiada, acabando com o estado \u201cantinatural de armist\u00edcio\u201d.<\/span><\/p><p class=\"MsoNormal\" style=\"margin-top: 6.0pt; text-align: justify; text-indent: 36.0pt;\"><span style=\"font-family: 'Arial',sans-serif; mso-fareast-font-family: Calibri; mso-bidi-font-family: 'Times New Roman'; mso-ansi-language: PT-BR; mso-fareast-language: EN-US;\">Sobre cada um destes t\u00f3picos s\u00e3o detalhadas medidas pr\u00e1ticas. No primeiro t\u00f3pico, \u00e9 dado um grande destaque a lideran\u00e7a dos coreanos no processo de reunifica\u00e7\u00e3o, As Coreias atuar\u00e3o para implementar acordos j\u00e1 existentes, promover a\u00e7\u00f5es e reuni\u00f5es, inclusive outras de alto n\u00edvel. Foi criado um grupo permanente, localizado do lado norte da fronteira, na cidade de Gaeseong que j\u00e1 foi sede do governo imperial da Coreia. <\/span><\/p><p class=\"MsoNormal\" style=\"margin-top: 6.0pt; text-align: justify; text-indent: 36.0pt;\"><span style=\"font-family: 'Arial',sans-serif; mso-fareast-font-family: Calibri; mso-bidi-font-family: 'Times New Roman'; mso-ansi-language: PT-BR; mso-fareast-language: EN-US;\">Os esfor\u00e7os conjuntos para concretizar o t\u00f3pico 2 passam por reduzir a\u00e7\u00f5es hostis, evitando a\u00e7\u00f5es militares provocativas que vinham ocorrendo e tamb\u00e9m a\u00e7\u00f5es de propaganda que o Sul vinha fazendo com a distribui\u00e7\u00e3o de folhetos e atrav\u00e9s de alto-falantes na fronteira, tentando a ades\u00e3o popular ou deser\u00e7\u00f5es no vizinho do norte. Incluem ainda reuni\u00f5es de alto n\u00edvel e uma intensa atividade de aproxima\u00e7\u00e3o cultural e esportiva que, pelas not\u00edcias divulgadas, segue se concretizando.<\/span><\/p><p class=\"MsoNormal\" style=\"margin-top: 6.0pt; text-align: justify; text-indent: 36.0pt;\"><span style=\"font-family: 'Arial',sans-serif; mso-fareast-font-family: Calibri; mso-bidi-font-family: 'Times New Roman'; mso-ansi-language: PT-BR; mso-fareast-language: EN-US;\">A lista de a\u00e7\u00f5es propostas, para os dois primeiros t\u00f3picos, parecem todas fact\u00edveis e muito coerentes com os objetivos anunciados. <\/span><\/p><p class=\"MsoNormal\" style=\"margin-top: 6.0pt; text-align: justify; text-indent: 36.0pt;\"><span style=\"font-family: 'Arial',sans-serif; mso-fareast-font-family: Calibri; mso-bidi-font-family: 'Times New Roman'; mso-ansi-language: PT-BR; mso-fareast-language: EN-US;\">No terceiro t\u00f3pico, reafirma-se o Acordo de N\u00e3o Agress\u00e3o e \u00e9 proposto um processo de desarmamento em fases, na medida em que seja reduzida a tens\u00e3o militar. Sabedores que a paz na Coreia \u00e9 assunto que n\u00e3o se resolve sem a participa\u00e7\u00e3o de EUA e China, s\u00e3o propostas reuni\u00f5es trilaterais e quadrilaterais com esses pa\u00edses com vistas a <b>estabelecer o fim da guerra<\/b> e <b>um s\u00f3lido regime de paz permanente<\/b>. Como \u00faltimo item, prop\u00f5e-se a alcan\u00e7ar, <b>atrav\u00e9s da desnucleariza\u00e7\u00e3o<\/b> completa, <b>uma Pen\u00ednsula Coreana livre de armas nucleares<\/b>. As Coreias concordaram em buscar apoio e coopera\u00e7\u00e3o da comunidade internacional para alcan\u00e7ar este objetivo.<\/span><\/p><p class=\"MsoNormal\" style=\"margin-top: 6.0pt; text-align: justify; text-indent: 36.0pt;\"><span style=\"font-family: 'Arial',sans-serif; mso-fareast-font-family: Calibri; mso-bidi-font-family: 'Times New Roman'; mso-ansi-language: PT-BR; mso-fareast-language: EN-US;\">Foram estabelecidos meios de comunica\u00e7\u00e3o direta entre os l\u00edderes coreanos, inclusive por via telef\u00f4nica. Na crise que quase anulou a reuni\u00e3o entre o presidente americano e o l\u00edder norte-coreano houve not\u00edcias de intensa articula\u00e7\u00e3o entre as duas Coreias. <\/span><\/p><p class=\"MsoNormal\" style=\"margin-top: 6.0pt; text-align: justify; text-indent: 36.0pt;\"><span style=\"font-family: 'Arial',sans-serif; mso-fareast-font-family: Calibri; mso-bidi-font-family: 'Times New Roman'; mso-ansi-language: PT-BR; mso-fareast-language: EN-US;\">Parece haver uma determina\u00e7\u00e3o oriental de alcan\u00e7ar, com paci\u00eancia e perseveran\u00e7a, a reunifica\u00e7\u00e3o (termo n\u00e3o utilizado pelos coreanos que falam sempre de unifica\u00e7\u00e3o). A ideia de promover encontros com os pa\u00edses envolvidos est\u00e1 sendo perseguida com persist\u00eancia. Por outro lado, as iniciativas de relacionamento cultural e institucional est\u00e3o acontecendo. <\/span><\/p><p class=\"MsoNormal\" style=\"margin-top: 6.0pt; text-align: justify; text-indent: 36.0pt;\"><span style=\"font-family: 'Arial',sans-serif; mso-fareast-font-family: Calibri; mso-bidi-font-family: 'Times New Roman'; mso-ansi-language: PT-BR; mso-fareast-language: EN-US;\">As duas partes souberam identificar em fatores externos os principais obst\u00e1culos \u00e0 unifica\u00e7\u00e3o. A simples assimila\u00e7\u00e3o da Coreia do Norte pela Coreia do Sul, como ocorreu na Alemanha, nunca seria aceita pela China<span style=\"color: red;\">,<\/span> que n\u00e3o toleraria tropas americanas em sua fronteira o que igualmente n\u00e3o deseja a R\u00fassia. A hip\u00f3tese contr\u00e1ria, da unifica\u00e7\u00e3o com predom\u00ednio do regime do Norte, \u00e9 recha\u00e7ada pela amea\u00e7a que representa ao Jap\u00e3o que motivou a Guerra da Coreia no in\u00edcio dos anos 50. Al\u00e9m disso, o n\u00edvel de progresso que hoje desfruta a popula\u00e7\u00e3o da Coreia do Sul funciona, como planejado, para tornar a hip\u00f3tese inaceit\u00e1vel.<\/span><\/p><p class=\"MsoNormal\" style=\"margin-top: 6.0pt; text-align: justify; text-indent: 36.0pt;\"><span style=\"font-family: 'Arial',sans-serif; mso-fareast-font-family: Calibri; mso-bidi-font-family: 'Times New Roman'; mso-ansi-language: PT-BR; mso-fareast-language: EN-US;\">A solu\u00e7\u00e3o parece passar por uma Coreia unificada e equidistante entre China e EUA a exemplo do que ocorreu na \u00c1ustria, inicialmente dividida ao final da segunda Guerra Mundial e unificada com o compromisso de neutralidade. O caminho indicado pela Declara\u00e7\u00e3o de Panmunjom \u00e9 de alcan\u00e7ar a paz, normalizar a rela\u00e7\u00e3o humana, cultural e comercial entre as duas Coreias para depois alcan\u00e7ar a unifica\u00e7\u00e3o. Para isso, seria necess\u00e1rio desmontar a situa\u00e7\u00e3o de Guerra Fria que ainda persiste, encontrando um entendimento entre China e EUA e um consentimento de R\u00fassia e Jap\u00e3o. <\/span><\/p><p class=\"MsoNormal\" style=\"margin-top: 6.0pt; text-align: justify; text-indent: 36.0pt;\"><span style=\"font-family: 'Arial',sans-serif; mso-fareast-font-family: Calibri; mso-bidi-font-family: 'Times New Roman'; mso-ansi-language: PT-BR; mso-fareast-language: EN-US;\">Declara\u00e7\u00f5es de Donald Trump, ap\u00f3s a reuni\u00e3o de c\u00fapula com a Coreia do Norte, deram a pista de que isto foi tratado e existe alguma possibilidade de \u00eaxito. Come\u00e7aria com a suspens\u00e3o de manobras militares conjuntas da Coreia do Sul com os EUA que o pr\u00f3prio Trump reconheceu como provocativas. Obviamente a sa\u00edda das tropas americanas do Sul, que o presidente americano considerou poss\u00edveis e at\u00e9 desej\u00e1veis no futuro, seria indispens\u00e1vel em um quadro de neutralidade na Pen\u00ednsula assim como uma redu\u00e7\u00e3o da presen\u00e7a chinesa no Norte. O dif\u00edcil \u00e9 imaginar que a Administra\u00e7\u00e3o Trump seja capaz disso, mas foi Nixon que alcan\u00e7ou a distens\u00e3o com a China e finalizou o conflito com o Vietnam. A diferen\u00e7a maior talvez seja que Nixon tinha Henry Kissinger como Secret\u00e1rio de Estado.<\/span><\/p>\t\t\t\t\t<\/div>\n\t\t\t\t\t\t<\/div>\n\t\t\t\t<\/div>\n\t\t\t\t\t\t<\/div>\n\t\t\t\t\t<\/div>\n\t\t<\/div>\n\t\t\t\t\t\t\t\t<\/div>\n\t\t\t\t\t<\/div>\n\t\t<\/section>\n\t\t\t\t<section class=\"elementor-section elementor-top-section elementor-element elementor-element-d21d0ea elementor-section-boxed elementor-section-height-default elementor-section-height-default\" data-id=\"d21d0ea\" data-element_type=\"section\">\n\t\t\t\t\t\t<div class=\"elementor-container elementor-column-gap-default\">\n\t\t\t\t\t\t\t<div class=\"elementor-row\">\n\t\t\t\t\t<div class=\"elementor-column elementor-col-100 elementor-top-column elementor-element elementor-element-9ca5800\" data-id=\"9ca5800\" data-element_type=\"column\">\n\t\t\t<div class=\"elementor-column-wrap elementor-element-populated\">\n\t\t\t\t\t\t\t<div class=\"elementor-widget-wrap\">\n\t\t\t\t\t\t<div class=\"elementor-element elementor-element-dc9b674 elementor-widget elementor-widget-image\" data-id=\"dc9b674\" data-element_type=\"widget\" data-widget_type=\"image.default\">\n\t\t\t\t<div class=\"elementor-widget-container\">\n\t\t\t\t\t\t\t\t<div class=\"elementor-image\">\n\t\t\t\t\t\t\t\t\t\t\t\t\t<a href=\"http:\/\/ecen.com.br\/wp-content\/uploads\/2018\/07\/eee99p.pdf\">\n\t\t\t\t\t\t\t<img src=\"http:\/\/eee.org.br\/wp-content\/uploads\/elementor\/thumbs\/capa_EEE99-ntf2ulyg37tz9pn5v0fossb97jq21m8zbxele6cym6.jpg\" title=\"eee 99\" alt=\"E&amp;E 99 em Portugues\" \/>\t\t\t\t\t\t\t\t<\/a>\n\t\t\t\t\t\t\t\t\t\t\t\t\t\t<\/div>\n\t\t\t\t\t\t<\/div>\n\t\t\t\t<\/div>\n\t\t\t\t\t\t<\/div>\n\t\t\t\t\t<\/div>\n\t\t<\/div>\n\t\t\t\t\t\t\t\t<\/div>\n\t\t\t\t\t<\/div>\n\t\t<\/section>\n\t\t\t\t<section class=\"elementor-section elementor-top-section elementor-element elementor-element-61fbbd5 elementor-section-boxed elementor-section-height-default elementor-section-height-default\" data-id=\"61fbbd5\" data-element_type=\"section\">\n\t\t\t\t\t\t<div class=\"elementor-container elementor-column-gap-default\">\n\t\t\t\t\t\t\t<div class=\"elementor-row\">\n\t\t\t\t\t<div class=\"elementor-column elementor-col-100 elementor-top-column elementor-element elementor-element-3c8d008\" data-id=\"3c8d008\" data-element_type=\"column\">\n\t\t\t<div class=\"elementor-column-wrap elementor-element-populated\">\n\t\t\t\t\t\t\t<div class=\"elementor-widget-wrap\">\n\t\t\t\t\t\t<div class=\"elementor-element elementor-element-377f046 elementor-drop-cap-yes elementor-drop-cap-view-default elementor-widget elementor-widget-text-editor\" data-id=\"377f046\" data-element_type=\"widget\" data-settings=\"{&quot;drop_cap&quot;:&quot;yes&quot;}\" data-widget_type=\"text-editor.default\">\n\t\t\t\t<div class=\"elementor-widget-container\">\n\t\t\t\t\t\t\t\t<div class=\"elementor-text-editor elementor-clearfix\">\n\t\t\t\t<p><a href=\"http:\/\/ecen.com.br\/wp-content\/uploads\/2018\/07\/eee99p.pdf\">Ver ou Baixar E&amp;E 99<\/a><\/p>\t\t\t\t\t<\/div>\n\t\t\t\t\t\t<\/div>\n\t\t\t\t<\/div>\n\t\t\t\t\t\t<\/div>\n\t\t\t\t\t<\/div>\n\t\t<\/div>\n\t\t\t\t\t\t\t\t<\/div>\n\t\t\t\t\t<\/div>\n\t\t<\/section>\n\t\t\t\t<section class=\"elementor-section elementor-top-section elementor-element elementor-element-ae7a0a7 elementor-section-boxed elementor-section-height-default elementor-section-height-default\" data-id=\"ae7a0a7\" data-element_type=\"section\">\n\t\t\t\t\t\t<div class=\"elementor-container elementor-column-gap-default\">\n\t\t\t\t\t\t\t<div class=\"elementor-row\">\n\t\t\t\t\t<div class=\"elementor-column elementor-col-100 elementor-top-column elementor-element elementor-element-19e28f0\" data-id=\"19e28f0\" data-element_type=\"column\">\n\t\t\t<div class=\"elementor-column-wrap elementor-element-populated\">\n\t\t\t\t\t\t\t<div class=\"elementor-widget-wrap\">\n\t\t\t\t\t\t<div class=\"elementor-element elementor-element-8042f94 elementor-arrows-position-inside elementor-pagination-position-outside elementor-widget elementor-widget-image-carousel\" data-id=\"8042f94\" data-element_type=\"widget\" data-settings=\"{&quot;slides_to_show&quot;:&quot;1&quot;,&quot;navigation&quot;:&quot;both&quot;,&quot;autoplay&quot;:&quot;yes&quot;,&quot;pause_on_hover&quot;:&quot;yes&quot;,&quot;pause_on_interaction&quot;:&quot;yes&quot;,&quot;autoplay_speed&quot;:5000,&quot;infinite&quot;:&quot;yes&quot;,&quot;effect&quot;:&quot;slide&quot;,&quot;speed&quot;:500}\" data-widget_type=\"image-carousel.default\">\n\t\t\t\t<div class=\"elementor-widget-container\">\n\t\t\t\t\t<div class=\"elementor-image-carousel-wrapper swiper-container\" dir=\"ltr\">\n\t\t\t<div class=\"elementor-image-carousel swiper-wrapper\">\n\t\t\t\t\t\t\t\t<div class=\"swiper-slide\"><figure class=\"swiper-slide-inner\"><img class=\"swiper-slide-image\" src=\"http:\/\/eee.org.br\/wp-content\/uploads\/2018\/07\/capa_EEE99-726x1024.jpg\" alt=\"E&amp;E 99 em Portugues\" \/><\/figure><\/div><div class=\"swiper-slide\"><figure class=\"swiper-slide-inner\"><img class=\"swiper-slide-image\" src=\"http:\/\/eee.org.br\/wp-content\/uploads\/2018\/08\/Ultra-840x1024.png\" alt=\"Ultra\" \/><\/figure><\/div><div class=\"swiper-slide\"><figure class=\"swiper-slide-inner\"><img class=\"swiper-slide-image\" src=\"http:\/\/eee.org.br\/wp-content\/uploads\/2018\/08\/ecen-logo2-1024x741.jpg\" alt=\"ecen logo\" \/><\/figure><\/div>\t\t\t<\/div>\n\t\t\t\t\t\t\t\t\t\t\t\t<div class=\"swiper-pagination\"><\/div>\n\t\t\t\t\t\t\t\t\t\t\t\t\t<div class=\"elementor-swiper-button elementor-swiper-button-prev\">\n\t\t\t\t\t\t<i aria-hidden=\"true\" class=\"eicon-chevron-left\"><\/i>\t\t\t\t\t\t<span class=\"elementor-screen-only\">Anterior<\/span>\n\t\t\t\t\t<\/div>\n\t\t\t\t\t<div class=\"elementor-swiper-button elementor-swiper-button-next\">\n\t\t\t\t\t\t<i aria-hidden=\"true\" class=\"eicon-chevron-right\"><\/i>\t\t\t\t\t\t<span class=\"elementor-screen-only\">Pr\u00f3ximo<\/span>\n\t\t\t\t\t<\/div>\n\t\t\t\t\t\t\t\t\t<\/div>\n\t\t\t\t<\/div>\n\t\t\t\t<\/div>\n\t\t\t\t\t\t<\/div>\n\t\t\t\t\t<\/div>\n\t\t<\/div>\n\t\t\t\t\t\t\t\t<\/div>\n\t\t\t\t\t<\/div>\n\t\t<\/section>\n\t\t\t\t\t\t\t\t\t<\/div>\n\t\t\t<\/div>\n\t\t\t\t\t<\/div>\n\t\t","protected":false},"excerpt":{"rendered":"<p>Economia e Energia &#8211; E&amp;E&nbsp; &nbsp; N\u00ba 99,&nbsp; abril a junho 2018 ISSN 1518-2932 Palavra do Editor CUIDADOSOS PASSOS RUMO \u00c0 CASA DA PAZ A reuni\u00e3o dos l\u00edderes das duas Coreias, em 27\/04\/2018, abriu a perspectiva para que a Guerra da Coreia seja encerrada e as Coreias unificadas. Isto ocorre, ap\u00f3s 65 anos de armist\u00edcio &hellip; <\/p>\n<p class=\"link-more\"><a href=\"http:\/\/eee.org.br\/?page_id=2074\" class=\"more-link\">Continue lendo<span class=\"screen-reader-text\"> &#8220;E&#038;E 99&#8221;<\/span><\/a><\/p>\n","protected":false},"author":1,"featured_media":0,"parent":0,"menu_order":0,"comment_status":"closed","ping_status":"closed","template":"","meta":[],"_links":{"self":[{"href":"http:\/\/eee.org.br\/index.php?rest_route=\/wp\/v2\/pages\/2074"}],"collection":[{"href":"http:\/\/eee.org.br\/index.php?rest_route=\/wp\/v2\/pages"}],"about":[{"href":"http:\/\/eee.org.br\/index.php?rest_route=\/wp\/v2\/types\/page"}],"author":[{"embeddable":true,"href":"http:\/\/eee.org.br\/index.php?rest_route=\/wp\/v2\/users\/1"}],"replies":[{"embeddable":true,"href":"http:\/\/eee.org.br\/index.php?rest_route=%2Fwp%2Fv2%2Fcomments&post=2074"}],"version-history":[{"count":26,"href":"http:\/\/eee.org.br\/index.php?rest_route=\/wp\/v2\/pages\/2074\/revisions"}],"predecessor-version":[{"id":4016,"href":"http:\/\/eee.org.br\/index.php?rest_route=\/wp\/v2\/pages\/2074\/revisions\/4016"}],"wp:attachment":[{"href":"http:\/\/eee.org.br\/index.php?rest_route=%2Fwp%2Fv2%2Fmedia&parent=2074"}],"curies":[{"name":"wp","href":"https:\/\/api.w.org\/{rel}","templated":true}]}}