{"id":4272,"date":"2020-07-12T00:16:10","date_gmt":"2020-07-12T03:16:10","guid":{"rendered":"http:\/\/ecen.com.br\/?page_id=4272"},"modified":"2024-06-20T01:43:23","modified_gmt":"2024-06-20T04:43:23","slug":"ano-2020","status":"publish","type":"page","link":"http:\/\/eee.org.br\/?page_id=4272","title":{"rendered":"Anos 2020"},"content":{"rendered":"\t\t<div data-elementor-type=\"wp-page\" data-elementor-id=\"4272\" class=\"elementor elementor-4272\">\n\t\t\t\t\t\t<div class=\"elementor-inner\">\n\t\t\t\t<div class=\"elementor-section-wrap\">\n\t\t\t\t\t\t\t\t\t<section class=\"elementor-section elementor-top-section elementor-element elementor-element-315201f elementor-section-boxed elementor-section-height-default elementor-section-height-default\" data-id=\"315201f\" data-element_type=\"section\">\n\t\t\t\t\t\t<div class=\"elementor-container elementor-column-gap-default\">\n\t\t\t\t\t\t\t<div class=\"elementor-row\">\n\t\t\t\t\t<div class=\"elementor-column elementor-col-100 elementor-top-column elementor-element elementor-element-5c6d713\" data-id=\"5c6d713\" data-element_type=\"column\">\n\t\t\t<div class=\"elementor-column-wrap elementor-element-populated\">\n\t\t\t\t\t\t\t<div class=\"elementor-widget-wrap\">\n\t\t\t\t\t\t<div class=\"elementor-element elementor-element-b6b6d45 elementor-widget elementor-widget-text-editor\" data-id=\"b6b6d45\" data-element_type=\"widget\" data-widget_type=\"text-editor.default\">\n\t\t\t\t<div class=\"elementor-widget-container\">\n\t\t\t\t\t\t\t\t<div class=\"elementor-text-editor elementor-clearfix\">\n\t\t\t\t<p><a href=\"https:\/\/ecen.com.br\/wp-content\/uploads\/2024\/06\/eee112.pdf\"><img loading=\"lazy\" class=\"aligncenter wp-image-5485 size-full\" src=\"https:\/\/ecen.com.br\/wp-content\/uploads\/2024\/06\/CAPA112.pdf.jpg\" alt=\"Capa Revista E&amp;E112\" width=\"536\" height=\"760\" data-wp-pid=\"5485\" data-pin-nopin=\"nopin\" srcset=\"http:\/\/eee.org.br\/wp-content\/uploads\/2024\/06\/CAPA112.pdf.jpg 536w, http:\/\/eee.org.br\/wp-content\/uploads\/2024\/06\/CAPA112.pdf-212x300.jpg 212w\" sizes=\"(max-width: 536px) 100vw, 536px\" \/><\/a><\/p><p style=\"text-align: left;\"><a href=\"https:\/\/ecen.com.br\/wp-content\/uploads\/2024\/06\/eee112.pdf\">E&amp;E 112<\/a><\/p>\t\t\t\t\t<\/div>\n\t\t\t\t\t\t<\/div>\n\t\t\t\t<\/div>\n\t\t\t\t\t\t<\/div>\n\t\t\t\t\t<\/div>\n\t\t<\/div>\n\t\t\t\t\t\t\t\t<\/div>\n\t\t\t\t\t<\/div>\n\t\t<\/section>\n\t\t\t\t<section class=\"elementor-section elementor-top-section elementor-element elementor-element-c6b17e1 elementor-section-boxed elementor-section-height-default elementor-section-height-default\" data-id=\"c6b17e1\" data-element_type=\"section\">\n\t\t\t\t\t\t<div class=\"elementor-container elementor-column-gap-default\">\n\t\t\t\t\t\t\t<div class=\"elementor-row\">\n\t\t\t\t\t<div class=\"elementor-column elementor-col-100 elementor-top-column elementor-element elementor-element-e8c80ab\" data-id=\"e8c80ab\" data-element_type=\"column\">\n\t\t\t<div class=\"elementor-column-wrap elementor-element-populated\">\n\t\t\t\t\t\t\t<div class=\"elementor-widget-wrap\">\n\t\t\t\t\t\t<div class=\"elementor-element elementor-element-a118cbc elementor-widget elementor-widget-text-editor\" data-id=\"a118cbc\" data-element_type=\"widget\" data-widget_type=\"text-editor.default\">\n\t\t\t\t<div class=\"elementor-widget-container\">\n\t\t\t\t\t\t\t\t<div class=\"elementor-text-editor elementor-clearfix\">\n\t\t\t\t<p><img loading=\"lazy\" class=\"aligncenter size-full wp-image-5220\" src=\"https:\/\/ecen.com.br\/wp-content\/uploads\/2022\/02\/capaeee109_2.png\" alt=\"Capa de E&amp;E sobre evolu\u00e7\u00e3o do teor de metano na atmosfera\" width=\"869\" height=\"1240\" data-wp-pid=\"5220\" data-pin-nopin=\"nopin\" srcset=\"http:\/\/eee.org.br\/wp-content\/uploads\/2022\/02\/capaeee109_2.png 869w, http:\/\/eee.org.br\/wp-content\/uploads\/2022\/02\/capaeee109_2-210x300.png 210w, http:\/\/eee.org.br\/wp-content\/uploads\/2022\/02\/capaeee109_2-718x1024.png 718w, http:\/\/eee.org.br\/wp-content\/uploads\/2022\/02\/capaeee109_2-768x1096.png 768w, http:\/\/eee.org.br\/wp-content\/uploads\/2022\/02\/capaeee109_2-600x856.png 600w\" sizes=\"(max-width: 767px) 89vw, (max-width: 1000px) 54vw, (max-width: 1071px) 543px, 580px\" \/><\/p><p><a href=\"https:\/\/ecen.com.br\/wp-content\/uploads\/2022\/02\/eee109.pdf\">E&amp;E 109<\/a><\/p><p>_____________________________________<\/p>\t\t\t\t\t<\/div>\n\t\t\t\t\t\t<\/div>\n\t\t\t\t<\/div>\n\t\t\t\t\t\t<\/div>\n\t\t\t\t\t<\/div>\n\t\t<\/div>\n\t\t\t\t\t\t\t\t<\/div>\n\t\t\t\t\t<\/div>\n\t\t<\/section>\n\t\t\t\t<section class=\"elementor-section elementor-top-section elementor-element elementor-element-28902cd elementor-section-boxed elementor-section-height-default elementor-section-height-default\" data-id=\"28902cd\" data-element_type=\"section\">\n\t\t\t\t\t\t<div class=\"elementor-container elementor-column-gap-default\">\n\t\t\t\t\t\t\t<div class=\"elementor-row\">\n\t\t\t\t\t<div class=\"elementor-column elementor-col-100 elementor-top-column elementor-element elementor-element-ee423a2\" data-id=\"ee423a2\" data-element_type=\"column\">\n\t\t\t<div class=\"elementor-column-wrap elementor-element-populated\">\n\t\t\t\t\t\t\t<div class=\"elementor-widget-wrap\">\n\t\t\t\t\t\t<div class=\"elementor-element elementor-element-32d046a elementor-widget elementor-widget-text-editor\" data-id=\"32d046a\" data-element_type=\"widget\" data-widget_type=\"text-editor.default\">\n\t\t\t\t<div class=\"elementor-widget-container\">\n\t\t\t\t\t\t\t\t<div class=\"elementor-text-editor elementor-clearfix\">\n\t\t\t\t<p><a href=\"https:\/\/ecen.com.br\/wp-content\/uploads\/2024\/06\/eee112.pdf\">Ver ou baixar E&amp;E 112 em pdf<\/a><\/p><p><em>\u00a0<\/em>Sum\u00e1rio<\/p><p><em>Editorial:\u00a0<\/em><a href=\"https:\/\/ecen.com.br\/?page_id=5516#_Toc169124588\"><strong>Othon Pinheiro da Silva<\/strong>.<\/a><\/p><p><a href=\"https:\/\/ecen.com.br\/?page_id=5516#_Toc169124589\"><em>Introdu\u00e7\u00e3o a este n\u00famero:<\/em>\u00a0\u00a0<\/a><a href=\"https:\/\/ecen.com.br\/?page_id=5516#_Toc169124590\"><strong>Her\u00f3is e Santos<\/strong><\/a><\/p><p>Artigo:\u00a0<a href=\"https:\/\/ecen.com.br\/?page_id=5516#_Toc169124591\"><strong>Estudo sobre a Matriz El\u00e9trica\u00a0 e a Retomada de Angra\u00a0<\/strong><\/a><\/p><p>Depoimento \u00e0 Justi\u00e7a:\u00a0<a href=\"https:\/\/ecen.com.br\/?page_id=5516#_Toc169124599\"><strong>Depoimento de Jos\u00e9 Israel Vargas\u00a0 sobre Othon Pinheiro da Silva<\/strong>\u00a0\u00a0<\/a><\/p><p>Relato de Othon \u00e0 E&amp;E em maio de 2014:\u00a0<a href=\"https:\/\/ecen.com.br\/?page_id=5516#_Toc169124601\"><strong>Os Caminhos para conseguir o A\u00e7o Maraging<\/strong>.<\/a><\/p><p><a href=\"https:\/\/ecen.com.br\/?page_id=5516#_Toc169124602\">Artigo publicado por ocasi\u00e3o da\u00a0<em>pris\u00e3o<\/em>\u00a0do Almirante Othon:\u00a0\u00a0<\/a><a href=\"https:\/\/ecen.com.br\/?page_id=5516#_Toc169124603\"><strong>A Pris\u00e3o de um Her\u00f3i Nacional<\/strong>\u00a0<\/a><\/p>\t\t\t\t\t<\/div>\n\t\t\t\t\t\t<\/div>\n\t\t\t\t<\/div>\n\t\t\t\t\t\t<\/div>\n\t\t\t\t\t<\/div>\n\t\t<\/div>\n\t\t\t\t\t\t\t\t<\/div>\n\t\t\t\t\t<\/div>\n\t\t<\/section>\n\t\t\t\t<section class=\"elementor-section elementor-top-section elementor-element elementor-element-3913aa4 elementor-section-boxed elementor-section-height-default elementor-section-height-default\" data-id=\"3913aa4\" data-element_type=\"section\">\n\t\t\t\t\t\t<div class=\"elementor-container elementor-column-gap-default\">\n\t\t\t\t\t\t\t<div class=\"elementor-row\">\n\t\t\t\t\t<div class=\"elementor-column elementor-col-100 elementor-top-column elementor-element elementor-element-f2639af\" data-id=\"f2639af\" data-element_type=\"column\">\n\t\t\t<div class=\"elementor-column-wrap\">\n\t\t\t\t\t\t\t<div class=\"elementor-widget-wrap\">\n\t\t\t\t\t\t\t\t<\/div>\n\t\t\t\t\t<\/div>\n\t\t<\/div>\n\t\t\t\t\t\t\t\t<\/div>\n\t\t\t\t\t<\/div>\n\t\t<\/section>\n\t\t\t\t<section class=\"elementor-section elementor-top-section elementor-element elementor-element-a572958 elementor-section-boxed elementor-section-height-default elementor-section-height-default\" data-id=\"a572958\" data-element_type=\"section\">\n\t\t\t\t\t\t<div class=\"elementor-container elementor-column-gap-default\">\n\t\t\t\t\t\t\t<div class=\"elementor-row\">\n\t\t\t\t\t<div class=\"elementor-column elementor-col-100 elementor-top-column elementor-element elementor-element-a75ad10\" data-id=\"a75ad10\" data-element_type=\"column\">\n\t\t\t<div class=\"elementor-column-wrap elementor-element-populated\">\n\t\t\t\t\t\t\t<div class=\"elementor-widget-wrap\">\n\t\t\t\t\t\t<div class=\"elementor-element elementor-element-eff4b9d elementor-widget elementor-widget-text-editor\" data-id=\"eff4b9d\" data-element_type=\"widget\" data-widget_type=\"text-editor.default\">\n\t\t\t\t<div class=\"elementor-widget-container\">\n\t\t\t\t\t\t\t\t<div class=\"elementor-text-editor elementor-clearfix\">\n\t\t\t\t<p>\u00a0<\/p><p>E&amp;E 107<\/p><p><a href=\"http:\/\/ecen.com.br\/?page_id=4644\"><img loading=\"lazy\" class=\"aligncenter wp-image-4646 size-full\" src=\"http:\/\/ecen.com.br\/wp-content\/uploads\/2021\/04\/capaEEE107__Pa\u0301gina_1.png\" alt=\"Capa E&amp;E 107\" width=\"639\" height=\"895\" data-wp-pid=\"4646\" data-pin-nopin=\"nopin\" srcset=\"http:\/\/eee.org.br\/wp-content\/uploads\/2021\/04\/capaEEE107__Pa\u0301gina_1.png 639w, http:\/\/eee.org.br\/wp-content\/uploads\/2021\/04\/capaEEE107__Pa\u0301gina_1-214x300.png 214w, http:\/\/eee.org.br\/wp-content\/uploads\/2021\/04\/capaEEE107__Pa\u0301gina_1-600x840.png 600w\" sizes=\"(max-width: 639px) 100vw, 639px\" \/><\/a><\/p><p><a style=\"font-family: var( --e-global-typography-text-font-family ), Sans-serif; font-size: var( --e-global-typography-text-font-size ); font-weight: var( --e-global-typography-text-font-weight ); background-color: #ffffff;\" href=\"http:\/\/ecen.com.br\/?page_id=4644\">Toda e&amp;E 107<\/a><\/p><p><a href=\"http:\/\/ecen.com.br\/wp-content\/uploads\/2021\/04\/eee107web.pdf\">Ver ou Baixar E&amp;E 107 em pdf<\/a>\u00a0<\/p>\t\t\t\t\t<\/div>\n\t\t\t\t\t\t<\/div>\n\t\t\t\t<\/div>\n\t\t\t\t\t\t<\/div>\n\t\t\t\t\t<\/div>\n\t\t<\/div>\n\t\t\t\t\t\t\t\t<\/div>\n\t\t\t\t\t<\/div>\n\t\t<\/section>\n\t\t\t\t<section class=\"elementor-section elementor-top-section elementor-element elementor-element-b7b05eb elementor-section-boxed elementor-section-height-default elementor-section-height-default\" data-id=\"b7b05eb\" data-element_type=\"section\">\n\t\t\t\t\t\t<div class=\"elementor-container elementor-column-gap-default\">\n\t\t\t\t\t\t\t<div class=\"elementor-row\">\n\t\t\t\t\t<div class=\"elementor-column elementor-col-100 elementor-top-column elementor-element elementor-element-a167a87\" data-id=\"a167a87\" data-element_type=\"column\">\n\t\t\t<div class=\"elementor-column-wrap elementor-element-populated\">\n\t\t\t\t\t\t\t<div class=\"elementor-widget-wrap\">\n\t\t\t\t\t\t<div class=\"elementor-element elementor-element-6c7812f elementor-widget elementor-widget-text-editor\" data-id=\"6c7812f\" data-element_type=\"widget\" data-widget_type=\"text-editor.default\">\n\t\t\t\t<div class=\"elementor-widget-container\">\n\t\t\t\t\t\t\t\t<div class=\"elementor-text-editor elementor-clearfix\">\n\t\t\t\t<p>E&amp;E 106\u00a0 \u00a0<br \/>(Dispon\u00edvel apenas em pdf)<\/p><figure id=\"attachment_4274\" aria-describedby=\"caption-attachment-4274\" style=\"width: 525px\" class=\"wp-caption aligncenter\"><a href=\"http:\/\/ecen.com.br\/wp-content\/uploads\/2020\/07\/eee106.pdf\"><img loading=\"lazy\" class=\"wp-image-4274 size-large\" title=\"Capa E&amp;E 106 \" src=\"http:\/\/ecen.com.br\/wp-content\/uploads\/2020\/07\/eee106capa-720x1024.png\" alt=\"Capa E&amp;E 106\" width=\"525\" height=\"747\" data-wp-pid=\"4274\" srcset=\"http:\/\/eee.org.br\/wp-content\/uploads\/2020\/07\/eee106capa-720x1024.png 720w, http:\/\/eee.org.br\/wp-content\/uploads\/2020\/07\/eee106capa-211x300.png 211w, http:\/\/eee.org.br\/wp-content\/uploads\/2020\/07\/eee106capa-768x1093.png 768w, http:\/\/eee.org.br\/wp-content\/uploads\/2020\/07\/eee106capa-1080x1536.png 1080w, http:\/\/eee.org.br\/wp-content\/uploads\/2020\/07\/eee106capa-1439x2048.png 1439w, http:\/\/eee.org.br\/wp-content\/uploads\/2020\/07\/eee106capa-800x1138.png 800w, http:\/\/eee.org.br\/wp-content\/uploads\/2020\/07\/eee106capa-1200x1707.png 1200w, http:\/\/eee.org.br\/wp-content\/uploads\/2020\/07\/eee106capa-600x854.png 600w, http:\/\/eee.org.br\/wp-content\/uploads\/2020\/07\/eee106capa.png 1795w\" sizes=\"(max-width: 525px) 100vw, 525px\" \/><\/a><figcaption id=\"caption-attachment-4274\" class=\"wp-caption-text\">Propaga\u00e7\u00e3o da Covid 19 no Brasil<\/figcaption><\/figure><p><a href=\"http:\/\/ecen.com.br\/wp-content\/uploads\/2020\/07\/eee106.pdf\">Ver ou Baixar E&amp;E 106 em pdf<\/a><\/p><p>ANEXOS:<\/p><p><a href=\"http:\/\/ecen.com.br\/wp-content\/uploads\/2020\/07\/RESULTADOSREGIOES16072020.pdf\">Resultados para Covid 19 por Macrorregi\u00f5es <\/a><\/p><p><a href=\"http:\/\/ecen.com.br\/wp-content\/uploads\/2020\/07\/RESULTADOSREGIOES16072020.pdf\"><img loading=\"lazy\" class=\"aligncenter wp-image-4294 size-medium\" src=\"http:\/\/ecen.com.br\/wp-content\/uploads\/2020\/07\/RESULTADOSREGIOES16072020_001-211x300.png\" alt=\"\" width=\"211\" height=\"300\" data-wp-pid=\"4294\" srcset=\"http:\/\/eee.org.br\/wp-content\/uploads\/2020\/07\/RESULTADOSREGIOES16072020_001-211x300.png 211w, http:\/\/eee.org.br\/wp-content\/uploads\/2020\/07\/RESULTADOSREGIOES16072020_001-720x1024.png 720w, http:\/\/eee.org.br\/wp-content\/uploads\/2020\/07\/RESULTADOSREGIOES16072020_001-768x1093.png 768w, http:\/\/eee.org.br\/wp-content\/uploads\/2020\/07\/RESULTADOSREGIOES16072020_001-1080x1536.png 1080w, http:\/\/eee.org.br\/wp-content\/uploads\/2020\/07\/RESULTADOSREGIOES16072020_001-1439x2048.png 1439w, http:\/\/eee.org.br\/wp-content\/uploads\/2020\/07\/RESULTADOSREGIOES16072020_001-800x1138.png 800w, http:\/\/eee.org.br\/wp-content\/uploads\/2020\/07\/RESULTADOSREGIOES16072020_001-1200x1707.png 1200w, http:\/\/eee.org.br\/wp-content\/uploads\/2020\/07\/RESULTADOSREGIOES16072020_001-600x854.png 600w, http:\/\/eee.org.br\/wp-content\/uploads\/2020\/07\/RESULTADOSREGIOES16072020_001.png 1795w\" sizes=\"(max-width: 211px) 100vw, 211px\" \/><\/a><\/p><p><a href=\"http:\/\/ecen.com.br\/wp-content\/uploads\/2020\/07\/RESULTADOS-ESTADOS-16072020.pdf\">Resultados para Covid 19\u00a0 nos Estados\u00a0 16\/07\/2020<\/a><\/p><p><a href=\"http:\/\/ecen.com.br\/wp-content\/uploads\/2020\/07\/RESULTADOS-ESTADOS-16072020.pdf\"><img loading=\"lazy\" class=\"aligncenter wp-image-4293 size-medium\" src=\"http:\/\/ecen.com.br\/wp-content\/uploads\/2020\/07\/RESULTADOS-ESTADOS-16072020_001-211x300.png\" alt=\"Resultados Covid por Estados do Brasil 160720 capa\" width=\"211\" height=\"300\" data-wp-pid=\"4293\" srcset=\"http:\/\/eee.org.br\/wp-content\/uploads\/2020\/07\/RESULTADOS-ESTADOS-16072020_001-211x300.png 211w, http:\/\/eee.org.br\/wp-content\/uploads\/2020\/07\/RESULTADOS-ESTADOS-16072020_001-720x1024.png 720w, http:\/\/eee.org.br\/wp-content\/uploads\/2020\/07\/RESULTADOS-ESTADOS-16072020_001-768x1093.png 768w, http:\/\/eee.org.br\/wp-content\/uploads\/2020\/07\/RESULTADOS-ESTADOS-16072020_001-1080x1536.png 1080w, http:\/\/eee.org.br\/wp-content\/uploads\/2020\/07\/RESULTADOS-ESTADOS-16072020_001-1439x2048.png 1439w, http:\/\/eee.org.br\/wp-content\/uploads\/2020\/07\/RESULTADOS-ESTADOS-16072020_001-800x1138.png 800w, http:\/\/eee.org.br\/wp-content\/uploads\/2020\/07\/RESULTADOS-ESTADOS-16072020_001-1200x1707.png 1200w, http:\/\/eee.org.br\/wp-content\/uploads\/2020\/07\/RESULTADOS-ESTADOS-16072020_001-600x854.png 600w, http:\/\/eee.org.br\/wp-content\/uploads\/2020\/07\/RESULTADOS-ESTADOS-16072020_001.png 1795w\" sizes=\"(max-width: 211px) 100vw, 211px\" \/><\/a><\/p>\t\t\t\t\t<\/div>\n\t\t\t\t\t\t<\/div>\n\t\t\t\t<\/div>\n\t\t\t\t\t\t<\/div>\n\t\t\t\t\t<\/div>\n\t\t<\/div>\n\t\t\t\t\t\t\t\t<\/div>\n\t\t\t\t\t<\/div>\n\t\t<\/section>\n\t\t\t\t\t\t\t\t\t<\/div>\n\t\t\t<\/div>\n\t\t\t\t\t<\/div>\n\t\t","protected":false},"excerpt":{"rendered":"<p>E&amp;E 112 E&amp;E 109 _____________________________________ Ver ou baixar E&amp;E 112 em pdf \u00a0Sum\u00e1rio Editorial:\u00a0Othon Pinheiro da Silva. Introdu\u00e7\u00e3o a este n\u00famero:\u00a0\u00a0Her\u00f3is e Santos Artigo:\u00a0Estudo sobre a Matriz El\u00e9trica\u00a0 e a Retomada de Angra\u00a0 Depoimento \u00e0 Justi\u00e7a:\u00a0Depoimento de Jos\u00e9 Israel Vargas\u00a0 sobre Othon Pinheiro da Silva\u00a0\u00a0 Relato de Othon \u00e0 E&amp;E em maio de 2014:\u00a0Os Caminhos &hellip; <\/p>\n<p class=\"link-more\"><a href=\"http:\/\/eee.org.br\/?page_id=4272\" class=\"more-link\">Continue lendo<span class=\"screen-reader-text\"> &#8220;Anos 2020&#8221;<\/span><\/a><\/p>\n","protected":false},"author":1,"featured_media":0,"parent":0,"menu_order":0,"comment_status":"closed","ping_status":"closed","template":"","meta":[],"_links":{"self":[{"href":"http:\/\/eee.org.br\/index.php?rest_route=\/wp\/v2\/pages\/4272"}],"collection":[{"href":"http:\/\/eee.org.br\/index.php?rest_route=\/wp\/v2\/pages"}],"about":[{"href":"http:\/\/eee.org.br\/index.php?rest_route=\/wp\/v2\/types\/page"}],"author":[{"embeddable":true,"href":"http:\/\/eee.org.br\/index.php?rest_route=\/wp\/v2\/users\/1"}],"replies":[{"embeddable":true,"href":"http:\/\/eee.org.br\/index.php?rest_route=%2Fwp%2Fv2%2Fcomments&post=4272"}],"version-history":[{"count":56,"href":"http:\/\/eee.org.br\/index.php?rest_route=\/wp\/v2\/pages\/4272\/revisions"}],"predecessor-version":[{"id":5673,"href":"http:\/\/eee.org.br\/index.php?rest_route=\/wp\/v2\/pages\/4272\/revisions\/5673"}],"wp:attachment":[{"href":"http:\/\/eee.org.br\/index.php?rest_route=%2Fwp%2Fv2%2Fmedia&parent=4272"}],"curies":[{"name":"wp","href":"https:\/\/api.w.org\/{rel}","templated":true}]}}