{"id":749,"date":"2017-10-23T16:55:53","date_gmt":"2017-10-23T18:55:53","guid":{"rendered":"http:\/\/ecen.com.br\/?page_id=749"},"modified":"2019-09-04T16:30:32","modified_gmt":"2019-09-04T19:30:32","slug":"anexo-3-conceito-de-territorio-economico-extraido-do-capitulo-4-do-bpm6","status":"publish","type":"page","link":"http:\/\/eee.org.br\/?page_id=749","title":{"rendered":"A3: Conceito de Territ\u00f3rio Econ\u00f4mico"},"content":{"rendered":"\t\t<div data-elementor-type=\"wp-post\" data-elementor-id=\"749\" class=\"elementor elementor-749\">\n\t\t\t\t\t\t<div class=\"elementor-inner\">\n\t\t\t\t<div class=\"elementor-section-wrap\">\n\t\t\t\t\t\t\t\t\t<section class=\"elementor-section elementor-top-section elementor-element elementor-element-11844410 elementor-section-boxed elementor-section-height-default elementor-section-height-default\" data-id=\"11844410\" data-element_type=\"section\">\n\t\t\t\t\t\t<div class=\"elementor-container elementor-column-gap-default\">\n\t\t\t\t\t\t\t<div class=\"elementor-row\">\n\t\t\t\t\t<div class=\"elementor-column elementor-col-100 elementor-top-column elementor-element elementor-element-e42fe06\" data-id=\"e42fe06\" data-element_type=\"column\">\n\t\t\t<div class=\"elementor-column-wrap elementor-element-populated\">\n\t\t\t\t\t\t\t<div class=\"elementor-widget-wrap\">\n\t\t\t\t\t\t<div class=\"elementor-element elementor-element-519d8598 elementor-widget elementor-widget-text-editor\" data-id=\"519d8598\" data-element_type=\"widget\" data-widget_type=\"text-editor.default\">\n\t\t\t\t<div class=\"elementor-widget-container\">\n\t\t\t\t\t\t\t\t<div class=\"elementor-text-editor elementor-clearfix\">\n\t\t\t\t<h3><span style=\"color: #808080;\"><strong><span style=\"color: #000000;\"><img loading=\"lazy\" class=\"size-full wp-image-4 alignnone\" src=\"http:\/\/eee.org.br\/wp-content\/uploads\/2017\/02\/eee.jpg\" alt=\"\" width=\"116\" height=\"27\" data-wp-pid=\"4\" \/><\/span><br \/><\/strong><\/span><span style=\"color: #808080;\"><span style=\"color: #000000;\"><strong>Economia e Energia &#8211; E&amp;E N\u00ba 96, julho a setembro \u00a02017<\/strong><\/span><br \/>ISSN 1518-2932<\/span><\/h3><h1><strong>ANEXO 3: CONCEITO DE TERRIT\u00d3RIO ECON\u00d4MICO EXTRA\u00cdDO DO CAP\u00cdTULO 4 DO BPM6<\/strong><\/h1><p><span style=\"color: #808080;\"><span style=\"color: #000000;\"><strong>Economia e Energia &#8211; E&amp;E N\u00ba 96, julho a setembro \u00a02017<\/strong><\/span><br \/>ISSN 1518-2932<\/span><\/p><ol><li><strong> Territ\u00f3rio Econ\u00f4mico (Tradu\u00e7\u00e3o Livre, numera\u00e7\u00e3o do original)<\/strong><\/li><\/ol><p>4.3 No seu sentido mais amplo, um territ\u00f3rio econ\u00f4mico pode ser qualquer \u00e1rea geogr\u00e1fica ou jurisdi\u00e7\u00e3o para a qual estat\u00edsticas s\u00e3o necess\u00e1rias. A vincula\u00e7\u00e3o das entidades com um determinado territ\u00f3rio econ\u00f4mico (de um pa\u00eds) \u00e9 determinada por aspectos como a presen\u00e7a f\u00edsica e o grau de liga\u00e7\u00e3o \u00e0 jurisdi\u00e7\u00e3o ao governo do territ\u00f3rio. Estas quest\u00f5es s\u00e3o discutidas na se\u00e7\u00e3o sobre o conceito de resid\u00eancia deste cap\u00edtulo (ver par\u00e1grafos 4.113-4.144).<\/p><p>4.4 O conceito mais comum de territ\u00f3rio econ\u00f4mico \u00e9 a \u00e1rea sob controle econ\u00f4mico efetivo de um \u00fanico governo. Para fins de estat\u00edsticas globais e relat\u00f3rios ao FMI, \u00e9 importante ter dados em todas as \u00e1reas sobre o controle de um determinado governo, incluindo zonas especiais, mesmo que, para alguns dos fins estat\u00edsticos pr\u00f3prios do governo, essas zonas sejam exclu\u00eddas ou apresentadas separadamente. Outro tipo de territ\u00f3rio econ\u00f4mico \u00e9 uma uni\u00e3o sob uma moeda ou uma comunidade econ\u00f4mica, que \u00e9 tratada no Ap\u00eandice 3. Outros tipos de territ\u00f3rio econ\u00f4mico incluem parte de uma economia, regi\u00f5es ou o mundo como um todo. Os territ\u00f3rios econ\u00f4micos refletem qualquer conjunto poss\u00edvel para an\u00e1lises pol\u00edticas ou macroecon\u00f4micas.<\/p><p>4.5 O territ\u00f3rio econ\u00f4mico inclui:<\/p><ul><li><ul><li>(a) a \u00e1rea de terra;<\/li><li>(b) o espa\u00e7o a\u00e9reo;<\/li><li>(c) \u00e1guas territoriais, incluindo \u00e1reas sobre as quais a jurisdi\u00e7\u00e3o \u00e9 exercida sobre direitos de pesca e direitos sobre combust\u00edveis ou minerais;<\/li><li>(d )o territ\u00f3rio mar\u00edtimo, como ilhas que pertencem ao territ\u00f3rio; e<\/li><li><strong>(e) enclaves territoriais no resto do mundo<\/strong>. Estas s\u00e3o \u00e1reas de terra claramente demarcadas (como embaixadas, consulados, bases militares, esta\u00e7\u00f5es cient\u00edficas, gabinetes de informa\u00e7\u00e3o ou imigra\u00e7\u00e3o, ag\u00eancias de ajuda, escrit\u00f3rios de representa\u00e7\u00e3o do banco central com status diplom\u00e1tico) que est\u00e3o fisicamente localizados em outros territ\u00f3rios e utilizados pelos governos que possuem ou alugam para fins diplom\u00e1ticos, militares, cient\u00edficos ou outros, com o acordo formal dos governos dos territ\u00f3rios onde as \u00e1reas terrestres est\u00e3o localizadas fisicamente. Essas \u00e1reas podem ser compartilhadas com outras organiza\u00e7\u00f5es, mas as opera\u00e7\u00f5es devem ter um alto grau de isen\u00e7\u00e3o das leis locais para serem tratadas como um enclave. No entanto, as opera\u00e7\u00f5es governamentais que est\u00e3o totalmente sujeitas \u00e0s leis da economia anfitri\u00e3 n\u00e3o s\u00e3o tratadas como enclaves, mas como <strong>residentes na economia hospedeira.<\/strong><\/li><\/ul><\/li><\/ul><p><strong>\u00a0<\/strong>4.6 O territ\u00f3rio econ\u00f4mico tem uma caracter\u00edstica de jurisdi\u00e7\u00e3o legal e tamb\u00e9m uma localiza\u00e7\u00e3o f\u00edsica, de modo que as corpora\u00e7\u00f5es criadas ao abrigo da lei fazem parte dessa economia. Os conceitos de territ\u00f3rio e resid\u00eancia econ\u00f4mica destinam-se a garantir que <strong>cada unidade institucional seja residente de um \u00fanico territ\u00f3rio econ\u00f4mico.<\/strong> O uso de um territ\u00f3rio econ\u00f4mico como uma unidade do sistema das estat\u00edsticas econ\u00f4micas significa que cada membro de um grupo de empresas afiliadas faz parte da economia da qual \u00e9 residente em vez de ser atribu\u00eddo \u00e0 economia de sua sede social. O foco em dados para um territ\u00f3rio econ\u00f4mico significa que, em alguns casos, uma entidade jur\u00eddica pode ser dividida para fins estat\u00edsticos em unidades separadas em diferentes territ\u00f3rios, conforme elaborado nos par\u00e1grafos 4.26-4.49.<\/p>\t\t\t\t\t<\/div>\n\t\t\t\t\t\t<\/div>\n\t\t\t\t<\/div>\n\t\t\t\t\t\t<\/div>\n\t\t\t\t\t<\/div>\n\t\t<\/div>\n\t\t\t\t\t\t\t\t<\/div>\n\t\t\t\t\t<\/div>\n\t\t<\/section>\n\t\t\t\t\t\t\t\t\t<\/div>\n\t\t\t<\/div>\n\t\t\t\t\t<\/div>\n\t\t","protected":false},"excerpt":{"rendered":"<p>Economia e Energia &#8211; E&amp;E N\u00ba 96, julho a setembro &nbsp;2017 ISSN 1518-2932 ANEXO 3: CONCEITO DE TERRIT\u00d3RIO ECON\u00d4MICO EXTRA\u00cdDO DO CAP\u00cdTULO 4 DO BPM6 Economia e Energia &#8211; E&amp;E N\u00ba 96, julho a setembro &nbsp;2017 ISSN 1518-2932 Territ\u00f3rio Econ\u00f4mico (Tradu\u00e7\u00e3o Livre, numera\u00e7\u00e3o do original) 4.3 No seu sentido mais amplo, um territ\u00f3rio econ\u00f4mico pode &hellip; <\/p>\n<p class=\"link-more\"><a href=\"http:\/\/eee.org.br\/?page_id=749\" class=\"more-link\">Continue lendo<span class=\"screen-reader-text\"> &#8220;A3: Conceito de Territ\u00f3rio Econ\u00f4mico&#8221;<\/span><\/a><\/p>\n","protected":false},"author":1,"featured_media":0,"parent":641,"menu_order":4,"comment_status":"closed","ping_status":"closed","template":"","meta":[],"_links":{"self":[{"href":"http:\/\/eee.org.br\/index.php?rest_route=\/wp\/v2\/pages\/749"}],"collection":[{"href":"http:\/\/eee.org.br\/index.php?rest_route=\/wp\/v2\/pages"}],"about":[{"href":"http:\/\/eee.org.br\/index.php?rest_route=\/wp\/v2\/types\/page"}],"author":[{"embeddable":true,"href":"http:\/\/eee.org.br\/index.php?rest_route=\/wp\/v2\/users\/1"}],"replies":[{"embeddable":true,"href":"http:\/\/eee.org.br\/index.php?rest_route=%2Fwp%2Fv2%2Fcomments&post=749"}],"version-history":[{"count":4,"href":"http:\/\/eee.org.br\/index.php?rest_route=\/wp\/v2\/pages\/749\/revisions"}],"predecessor-version":[{"id":3965,"href":"http:\/\/eee.org.br\/index.php?rest_route=\/wp\/v2\/pages\/749\/revisions\/3965"}],"up":[{"embeddable":true,"href":"http:\/\/eee.org.br\/index.php?rest_route=\/wp\/v2\/pages\/641"}],"wp:attachment":[{"href":"http:\/\/eee.org.br\/index.php?rest_route=%2Fwp%2Fv2%2Fmedia&parent=749"}],"curies":[{"name":"wp","href":"https:\/\/api.w.org\/{rel}","templated":true}]}}